{"id":12001,"date":"2025-09-02T17:41:52","date_gmt":"2025-09-02T17:41:52","guid":{"rendered":"http:\/\/server-webvepu.vepu.dom\/?page_id=12001"},"modified":"2025-09-19T23:13:29","modified_gmt":"2025-09-19T21:13:29","slug":"wemet-luomo-che-smise-di-credere","status":"publish","type":"page","link":"https:\/\/www.vepufoundation.it\/?page_id=12001","title":{"rendered":"The Night We Met"},"content":{"rendered":"\n<figure class=\"wp-block-image story-cover\"><img decoding=\"async\" src=\"\/wp-content\/uploads\/vepu-import\/wemet---l-uomo-che-smise-di-credere-img6.jpg\" alt=\"Wemet \u2013 L\u2019uomo che smise di credere\"\/><\/figure>\n\n\n\n<p><strong>-L\u2019uomo che smise di credere-<\/strong><\/p>\n\n\n\n<p>Don Gabriel Astarte era considerato tra i pi\u00f9 potenti esorcisti al mondo. Aveva girato il globo al servizio della Chiesa, a\ufb00rontando casi estremi, spesso con successo. Tuttavia, pi\u00f9 si avvicinava al male, pi\u00f9 cresceva in lui il dubbio. Alcune possessioni non seguivano i consueti schemi: i sintomi si ripetevano con una precisione inquietante \u2014 distorsioni temporali, interferenze elettriche, allucinazioni condivise, variazioni magnetiche locali. Eventi riproducibili, quasi\u2026 scienti\ufb01ci.<br>E ci\u00f2 che turbava maggiormente la sua fede era proprio questo: l\u2019idea che il male non fosse soprannaturale, ma strutturato. Misurabile.<br>Organizzato.<\/p>\n\n\n\n<p>Nel 1993, dopo un fallimento di un esorcismo svoltosi a Praga, Gabriel, provato da anni di  lavoro estenuante lasci\u00f2 il sacerdozio. Aveva compreso che la fede, da sola, non bastava pi\u00f9 a spiegare ci\u00f2 che vedeva. Scelse il silenzio all\u2019obbedienza, l\u2019onest\u00e0 al dogma. <br>In un piccolo paese tra le colline conobbe Caroline Sekhmet, donna intelligente e sensibile, custode di un sapere antico e discreto. Tra loro nacque un amore autentico. Poco dopo venne alla luce la loro \ufb01glia: Adele. Sembrava che il mondo volesse concedere a Gabriel una tregua.<\/p>\n\n\n\n<p><strong>-La bambina che attirava il silenzio-<\/strong><\/p>\n\n\n\n<p>I primi anni di Adele trascorsero sereni. Ma attorno ai quattro anni qualcosa cambi\u00f2. Non erano soltanto le parole pronunciate nel sonno o i disegni inquietanti. Ogni volta che entrava in una stanza, gli orologi si fermavano, le radio gracchiavano, le luci tremavano.<\/p>\n\n\n\n<p>Pi\u00f9 di una volta Caroline si svegli\u00f2 convinta che il tempo stesso avesse smesso di scorrere attorno alla \ufb01glia. Una notte, una piccola radio a onde corte capt\u00f2 un messaggio incomprensibile. Nessuno l\u2019aveva accesa, nessuno stava trasmettendo. Eppure la voce che Adele imitava nel sonno ripeteva quelle stesse parole.<\/p>\n\n\n\n<p>Gabriel, con discrezione, chiese aiuto alla Chiesa. <br>Il lavoro da lui ripudiato anni prima, per un momento, pareva l&#8217;ultima speranza per spiegare cosa stesse succedendo a sua figlia. Gli schemi erano simili, ma stavolta, ironia della sorte, quello che accadeva intorno alla sua bambina era molto peggio di tutto ci\u00f2 che avesse visto durante la sua carriera.<br>L\u2019esorcismo tentato per\u00f2 non ebbe alcun e\ufb00etto. Gli strumenti tradizionali erano inutili: sembrava che la bambina fosse abitata da qualcosa che non proveniva dall\u2019inferno, ma da un\u2019altra dimensione. Non un demone, bens\u00ec una coscienza.<\/p>\n\n\n\n<p>A quel punto, Gabriel, deluso ancora una volta dalla Chiesa, a chi trattava la realt\u00e0 con un approccio diverso: la Vepu Foundation. Ne aveva sentito parlare negli ultimi anni da sacerdote. Erano ovunque eppure invisibili. Studiavano ci\u00f2 che nessuno osava nemmeno nominare.<\/p>\n\n\n\n<p><strong>-La fotocamera che cattura l\u2019anima-<\/strong><\/p>\n\n\n\n<p>La Vepu Foundation invi\u00f2 due ricercatori.<\/p>\n\n\n\n<p>James Lawliet, noto per aver collaborato con Homar Seller, aveva contribuito allo sviluppo della teoria del potenziale quantistico della coscienza: l\u2019anima come onda, soggetta a interferenze e risonanze. Per lui, la coscienza era un dato misurabile. Tutto ci\u00f2 che non si poteva misurare, non era ancora stato compreso abbastanza. Pragmatico, metodico, era convinto che anche l\u2019invisibile avesse una formula.<\/p>\n\n\n\n<p>Will Light, al contrario, era impulsivo e idealista. Studiava da tempo gli scritti del misterioso Alexander Petrov, secondo cui le \u201combre\u201d non erano metafore religiose ma presenze coscienti rimaste intrappolate in luoghi, corpi e ricordi. Esistevano entit\u00e0 residue che si nutrivano di attenzione e memoria.<br>Will cominci\u00f2 a vedere in Adele proprio una di queste interferenze. <br>Insieme costruirono un dispositivo mai realizzato prima: una fotocamera capace di catturare la coscienza di un essere vivente e isolarla. Il primo modello usava pellicola fotogra\ufb01ca; poi Will lo modi\ufb01c\u00f2 per funzionare con una scheda SD instabile, in grado di registrare anche i frammenti pi\u00f9 sfuggenti. Scattarono un\u2019unica foto. L\u2019entit\u00e0 che abitava Adele venne estratta e con\ufb01nata. Le diedero un nome in codice: Comet, scelto per la scia luminosa che appariva nei suoi campi magnetici. Non la distrussero: la rinchiusero nella Stazione Centrale della Vepu, l&#8217;unica con una tecnologia abbastanza potente da poter generare un campo magnetico forte e costante nel tempo, alimentato dalle turbine della sovrastante centrale elettrica, in grado di confinare l&#8217;entit\u00e0 in una prigione invisibile.<\/p>\n\n\n\n<p><strong>-Legami indissolubili-<\/strong><\/p>\n\n\n\n<p>Adele fu \ufb01nalmente libera. Crescendo, non ricordava nulla. Ma Will non riusc\u00ec a spezzare il contatto con Comet: nei sogni e nei silenzi, continuava a sentirne la voce. Comet era viva. E osservava. James, invece, divenne un punto di riferimento per la famiglia. Si a\ufb00ezion\u00f2 ad Adele come a una \ufb01glia e ne monitor\u00f2 costantemente lo stato, temendo un ritorno dell\u2019entit\u00e0. Ogni analisi sembrava normale, ma a ogni esame l\u2019energia residua aumentava.<\/p>\n\n\n\n<p>Nel 2016 accadde l\u2019irreparabile. Adele mor\u00ec in un tragico incidente a Londra. Le cause restarono oscure, ma a pochi metri dal luogo della sua morte furono registrate anomalie elettromagnetiche identiche a quelle osservate durante la possessione. James comprese: Comet si era mossa. Will, sent\u00ec che era tornata pi\u00f9 forte di prima.<\/p>\n\n\n\n<p><strong>-I ragazzi del segnale-<\/strong><\/p>\n\n\n\n<p>Nel 2018, Will Light, ormai compromesso, cominci\u00f2 a trasmettere segnali disturbati a un gruppo di giovani del posto. Erano appassionati di tecnologia, fotogra\ufb01a e misteri; esploravano luoghi abbandonati, boschi, vecchie stazioni radio. Will li attir\u00f2 con l&#8217;inganno, usando enigmi e come in una sorta di gioco.<\/p>\n\n\n\n<p>Il suo obiettivo era preciso: disattivare il campo magnetico che ancora tratteneva Comet -tramite l&#8217;aiuto dei ragazzi- e fornirle un appiglio sicuro per crescere e recuperare tutta la sua potenza.<\/p>\n\n\n\n<p>Per riuscirci, aveva bisogno di un corpo.<br>Modific\u00f2 la macchinetta usata anni prima per separare Comet da Adele digitalizzandola e intrappol\u00f2 l\u2019anima di una delle ragazze del gruppo nella SD, lasciandone il corpo vuoto, pronto per accoglierla. <br><br><strong>-I Sospetti di James-<\/strong><\/p>\n\n\n\n<p>James intercett\u00f2 per puro caso una trasmissione. Ne cap\u00ec subito la provenienza.<br>Sospettava gi\u00e0 da tempo del collega, e gli strani movimenti che aveva scorto intorno alla Stazione Centrale, gli diedero conferma della tremenda sorte che gli era toccata:<br>Ormai totalmente abbindolato da Comet, Will non era pi\u00f9 in s\u00e8, agiva come una marionetta per conto dell&#8217;entit\u00e0.<br>In una corsa disperata contro il tempo riusc\u00ec a recuperare la scheda e la nascose in un bosco, lasciando una mappa e una lettera \ufb01rmata con lo pseudonimo George Owen. Pochi giorni dopo fu trovato morto. Di Will non rimase alcuna traccia. Gli abitanti delle case limitrofe alla zona del ritrovamento raccontarono di aver sentito uno sparo nella notte. Poi il silenzio.<\/p>\n\n\n\n<p><strong>-Echi da un altro tempo-<\/strong><\/p>\n\n\n\n<p>I ragazzi recuperarono la fotocamera e la SD, ma nulla sembrava avere senso. Solo uno di loro disse di aver gi\u00e0 sognato quel luogo. Un altro raccont\u00f2 di udire voci quando l\u2019apparecchio era vicino. Su un rullino compariva Adele seduta su un muretto in pietra, e sullo sfondo una \ufb01gura con maschera da medico della peste. Sul bordo della foto, una scritta: \u201cComet 35mm \u2013 dove la memoria si fa carne.\u201d<\/p>\n\n\n\n<p>Uno di quei ragazzi si chiamava Gabriele. Anni dopo sarebbe diventato il giornalista protagonista di Scrambler, impegnato in un\u2019indagine su espropri sospetti, antenne costruite presso cimiteri e segnali radio anomali. Tra le sue carte, una mappa trovata nel bosco con la stessa \ufb01rma: G. Owen. Solo pi\u00f9 tardi, confrontandola con un documento appartenuto a Edoardo Cadavara \u2014 attivista morto durante l\u2019inchiesta \u2014, avrebbe capito che quei luoghi erano stati teatro di esperimenti Vepu gi\u00e0 negli anni \u201970 e 80.<\/p>\n\n\n\n<p><strong>-Il legame con l\u2019Ombra-<\/strong><\/p>\n\n\n\n<p>Molto tempo prima a Ceprano, si erano veri\ufb01cati strani fenomeni: rumori nei boschi, sparizioni, eventi inspiegabili. Nessuno ne aveva mai chiarito la natura. Ma la Vepu Foundation aveva mostrato interesse anche l\u00ec. I dati raccolti rivelavano gli stessi segnali. Comet e un\u2019altra entit\u00e0 mai nominata erano frammenti della stessa origine: coscienze disincarnate, sopravvissute alla morte grazie all\u2019energia emotiva. Non demoni, ma prodotti collaterali di esperimenti quantistici falliti: ombre coscienti sfuggite al controllo. Se l\u2019Ombra era la conseguenza di una frattura, Comet rappresentava la crepa stessa.<\/p>\n\n\n\n<p><strong>-La vera maledizione-<\/strong><\/p>\n\n\n\n<p>The Night We Met non \u00e8 la storia di un esorcismo. \u00c8 il racconto di ci\u00f2 che resta quando un\u2019anima non trova pace. \u00c8 la vicenda di una bambina che il mondo voleva salvare con la scienza, ma che \u00e8 stata trasformata in esperimento. Comet non se n\u2019\u00e8 mai andata. E chi l\u2019ha incontrata\u2026 non \u00e8 pi\u00f9 tornato lo stesso.<\/p>\n","protected":false},"excerpt":{"rendered":"<p>-L\u2019uomo che smise di credere- Don Gabriel Astarte era considerato tra i pi\u00f9 potenti esorcisti al mondo. Aveva girato il globo al servizio della Chiesa, a\ufb00rontando casi estremi, spesso con successo. Tuttavia, pi\u00f9 si avvicinava al male, pi\u00f9 cresceva in lui il dubbio. Alcune possessioni non seguivano i consueti schemi: i sintomi si ripetevano con &hellip; <\/p>\n<p class=\"link-more\"><a href=\"https:\/\/www.vepufoundation.it\/?page_id=12001\" class=\"more-link\">Leggi tutto<span class=\"screen-reader-text\"> &#8220;The Night We Met&#8221;<\/span><\/a><\/p>\n","protected":false},"author":1,"featured_media":0,"parent":12000,"menu_order":0,"comment_status":"closed","ping_status":"closed","template":"","meta":{"footnotes":""},"class_list":["post-12001","page","type-page","status-publish","hentry"],"_links":{"self":[{"href":"https:\/\/www.vepufoundation.it\/index.php?rest_route=\/wp\/v2\/pages\/12001","targetHints":{"allow":["GET"]}}],"collection":[{"href":"https:\/\/www.vepufoundation.it\/index.php?rest_route=\/wp\/v2\/pages"}],"about":[{"href":"https:\/\/www.vepufoundation.it\/index.php?rest_route=\/wp\/v2\/types\/page"}],"author":[{"embeddable":true,"href":"https:\/\/www.vepufoundation.it\/index.php?rest_route=\/wp\/v2\/users\/1"}],"replies":[{"embeddable":true,"href":"https:\/\/www.vepufoundation.it\/index.php?rest_route=%2Fwp%2Fv2%2Fcomments&post=12001"}],"version-history":[{"count":2,"href":"https:\/\/www.vepufoundation.it\/index.php?rest_route=\/wp\/v2\/pages\/12001\/revisions"}],"predecessor-version":[{"id":12068,"href":"https:\/\/www.vepufoundation.it\/index.php?rest_route=\/wp\/v2\/pages\/12001\/revisions\/12068"}],"up":[{"embeddable":true,"href":"https:\/\/www.vepufoundation.it\/index.php?rest_route=\/wp\/v2\/pages\/12000"}],"wp:attachment":[{"href":"https:\/\/www.vepufoundation.it\/index.php?rest_route=%2Fwp%2Fv2%2Fmedia&parent=12001"}],"curies":[{"name":"wp","href":"https:\/\/api.w.org\/{rel}","templated":true}]}}