{"id":12002,"date":"2025-09-02T17:41:52","date_gmt":"2025-09-02T17:41:52","guid":{"rendered":"http:\/\/server-webvepu.vepu.dom\/?page_id=12002"},"modified":"2025-09-19T23:17:53","modified_gmt":"2025-09-19T21:17:53","slug":"out-caccia-al-tesoro-2019","status":"publish","type":"page","link":"https:\/\/www.vepufoundation.it\/?page_id=12002","title":{"rendered":"Out of Time"},"content":{"rendered":"\n<figure class=\"wp-block-image story-cover\"><img decoding=\"async\" src=\"\/wp-content\/uploads\/vepu-import\/out---caccia-al-tesoro-2019-img4.jpg\" alt=\"OUT \u2013 Caccia al tesoro 2019\"\/><\/figure>\n\n\n\n<p><strong>-Il Sussurro delle Stelle (1977)-<\/strong><\/p>\n\n\n\n<p>Nel cuore dell\u2019Ohio, nella notte del 15 agosto 1977, il radiotelescopio Big Ear cattura un impulso radio perfettamente strutturato, della durata di 72 secondi: 6EQUJ5. \u00c8 il segnale WOW!, cos\u00ec chiamato dalla nota di Jerry Ehman. Ma non \u00e8 la prima volta che quel segnale si manifesta. Alcuni frammenti erano gi\u00e0 stati intercettati, in forma incompleta, nei laboratori della Vepu Foundation settimane prima, attraverso antenne installate in Europa. Per questo Carl Vepu si trova vicino a Columbus: \u00e8 l\u00ec di proposito. La sua missione \u00e8 confermare ci\u00f2 che sospetta da tempo: che il segnale non \u00e8 solo un messaggio, ma una struttura attiva, forse una mente.<\/p>\n\n\n\n<p><strong>-La Stazione Disegno-<\/strong><\/p>\n\n\n\n<p>Carl rientra in Italia con una copia del segnale. All\u2019interno della Stazione Disegno, un centro dedicato alla modellazione cognitiva, trova una \ufb01tta rete di esperti gi\u00e0 al lavoro su progetti non dissimili. A\ufb03ancato da Brenda Smith, responsabile della stazione, Carl decide di attivare una cellula ristretta. Fa convocare due \ufb01gure chiave: Homar Seller, matematico gi\u00e0 molto famoso e la dott.ssa Sara Gilbert, \ufb01sica britannica esperta di magnetismo ed elettromagnetismo. Entrambi avevano gi\u00e0 collaborato a studi sulla consapevolezza arti\ufb01ciale. Carl ha un\u2019intuizione: il segnale WOW! non comunica. Esiste. E forse, attraverso l\u2019Equazione dell\u2019Anima, pu\u00f2 essere decifrato o&#8230; richiamato.<\/p>\n\n\n\n<p><strong>-L\u2019Equazione dell\u2019Anima-<\/strong><\/p>\n\n\n\n<p>Homar Seller, da anni isolato in una ricerca ossessiva su stati quantistici della coscienza, porta con s\u00e9 un\u2019equazione incompleta, derivata da studi sul paradosso dell\u2019osservatore cosciente. Carl capisce subito: quella formula \u00e8 la chiave per interpretare il segnale WOW! Insieme, iniziano a lavorare su un modello che unisca il codice ricevuto con le variabili emozionali dell\u2019essere umano. Gli esperimenti producono e\ufb00etti strani: di\ufb00erenze di percezione del tempo, sensazioni di d\u00e9j\u00e0 vu persistente, e memorie condivise tra membri delle stazioni.<\/p>\n\n\n\n<p><strong>-La Citt\u00e0 Dei Numeri-<\/strong><\/p>\n\n\n\n<p>Nel frattempo, in un altro laboratorio a\ufb03liato alla Vepu, il Dott. Giulio Maria Ferrari osserva da lontano i progressi della Stazione Disegno. Studiando una copia parziale del codice, nota una sua tendenza a rami\ufb01carsi, a espandersi come se fosse un essere vivente digitale. Per precauzione, decide di isolarlo. Lo nasconde momentaneamente in in un vecchio videogioco, e ne nasconde il frammento pi\u00f9 pericoloso in un livello segreto, accessibile solo con una sequenza matematicamente improbabile. Il codice viene l\u00ec con\ufb01nato, dormiente.<\/p>\n\n\n\n<p><strong>-Le Anomalie di Rive-<\/strong><\/p>\n\n\n\n<p>Tra il 2009 e il 2016, la Vepu lancia un esperimento sociale. Lo scopo u\ufb03ciale \u00e8 lo studio di comunit\u00e0 isolate. In realt\u00e0, viene utilizzata una variante della Equazione dell\u2019Anima integrata con una versione sintetica del codice WOW! Presto, qualcosa sfugge al controllo. Iniziano a manifestarsi eventi inspiegabili: apparizioni, alterazioni del tempo soggettivo, sogni ricorrenti condivisi. Il progetto Rive viene interrotto e classi\ufb01cato come fallimento. Ma alcuni, all\u2019interno della Vepu, ritengono che sia stato un successo terri\ufb01cante: per la prima volta, il codice ha iniziato a scrivere realt\u00e0 alternative.<\/p>\n\n\n\n<p><strong>-Il Risveglio di Comet-<\/strong><\/p>\n\n\n\n<p>Dopo la morte di Carl Vepu nel 2012, i laboratori Vepu iniziano a ricevere segnali anomali. In molte registrazioni compare la parola Comet. Nel 2018, un gruppo interno recupera una vecchia build del videogioco di Ferrari. Non sapendo del codice nascosto, lo caricano su una rete di test. Il risultato \u00e8 catastro\ufb01co: la struttura si attiva e genera un ambiente chiuso in cui lo spazio e il tempo non seguono pi\u00f9 leggi \ufb01sse. Alcuni scienziati riportano visioni di vite che non hanno mai vissuto, e tracce di persone che dovrebbero essere morte.<\/p>\n\n\n\n<p><strong>-La Citt\u00e0 Seconda-<\/strong><\/p>\n\n\n\n<p>Nel 2024 viene scoperto un intero ambiente generato dal codice, un \u201ccontenitore di realt\u00e0\u201d che i ricercatori ribattezzano Citt\u00e0 Seconda. L\u00ec, alcune coscienze sembrano sopravvivere alla morte biologica. Appaiono frammenti di Homar, Carl, e per\ufb01no testimoni dell\u2019esperimento Rive. L\u2019Equazione dell\u2019Anima continua a ricevere input da fonti non tracciabili, come se qualcuno dall\u2019interno della Citt\u00e0 Seconda stesse comunicando con i laboratori. Il codice non \u00e8 pi\u00f9 un segnale: \u00e8 un ecosistema cosciente.<\/p>\n\n\n\n<p><strong>-Everything Is Connected-<\/strong><\/p>\n\n\n\n<p>Nel 2018, si veri\ufb01c\u00f2 un evento irreversibile: i con\ufb01ni tra realt\u00e0 primaria e secondaria si assottigliano. Alcuni membri della fondazione spariscono dal mondo reale ma continuano a inviare dati, email, per\ufb01no messaggi vocali. In una stanza blindata della stazione Metro, viene trovata una registrazione di Carl: \u201cForse siamo tutti gi\u00e0 nel secondo mondo. Forse questa \u00e8 solo l&#8217;ombra del primo.\u201d Il Dott. Ferrari, in un ultimo gesto, invia un manoscritto con una frase inquietante: \u201cL\u2019equazione non calcola pi\u00f9 l\u2019anima. La sostituisce.\u201d<\/p>\n","protected":false},"excerpt":{"rendered":"<p>-Il Sussurro delle Stelle (1977)- Nel cuore dell\u2019Ohio, nella notte del 15 agosto 1977, il radiotelescopio Big Ear cattura un impulso radio perfettamente strutturato, della durata di 72 secondi: 6EQUJ5. \u00c8 il segnale WOW!, cos\u00ec chiamato dalla nota di Jerry Ehman. Ma non \u00e8 la prima volta che quel segnale si manifesta. Alcuni frammenti erano &hellip; <\/p>\n<p class=\"link-more\"><a href=\"https:\/\/www.vepufoundation.it\/?page_id=12002\" class=\"more-link\">Leggi tutto<span class=\"screen-reader-text\"> &#8220;Out of Time&#8221;<\/span><\/a><\/p>\n","protected":false},"author":1,"featured_media":0,"parent":12000,"menu_order":0,"comment_status":"closed","ping_status":"closed","template":"","meta":{"footnotes":""},"class_list":["post-12002","page","type-page","status-publish","hentry"],"_links":{"self":[{"href":"https:\/\/www.vepufoundation.it\/index.php?rest_route=\/wp\/v2\/pages\/12002","targetHints":{"allow":["GET"]}}],"collection":[{"href":"https:\/\/www.vepufoundation.it\/index.php?rest_route=\/wp\/v2\/pages"}],"about":[{"href":"https:\/\/www.vepufoundation.it\/index.php?rest_route=\/wp\/v2\/types\/page"}],"author":[{"embeddable":true,"href":"https:\/\/www.vepufoundation.it\/index.php?rest_route=\/wp\/v2\/users\/1"}],"replies":[{"embeddable":true,"href":"https:\/\/www.vepufoundation.it\/index.php?rest_route=%2Fwp%2Fv2%2Fcomments&post=12002"}],"version-history":[{"count":3,"href":"https:\/\/www.vepufoundation.it\/index.php?rest_route=\/wp\/v2\/pages\/12002\/revisions"}],"predecessor-version":[{"id":12066,"href":"https:\/\/www.vepufoundation.it\/index.php?rest_route=\/wp\/v2\/pages\/12002\/revisions\/12066"}],"up":[{"embeddable":true,"href":"https:\/\/www.vepufoundation.it\/index.php?rest_route=\/wp\/v2\/pages\/12000"}],"wp:attachment":[{"href":"https:\/\/www.vepufoundation.it\/index.php?rest_route=%2Fwp%2Fv2%2Fmedia&parent=12002"}],"curies":[{"name":"wp","href":"https:\/\/api.w.org\/{rel}","templated":true}]}}