{"id":12006,"date":"2025-09-02T17:41:52","date_gmt":"2025-09-02T17:41:52","guid":{"rendered":"http:\/\/server-webvepu.vepu.dom\/?page_id=12006"},"modified":"2025-09-19T22:17:56","modified_gmt":"2025-09-19T20:17:56","slug":"itrada","status":"publish","type":"page","link":"https:\/\/www.vepufoundation.it\/?page_id=12006","title":{"rendered":"ITRADA"},"content":{"rendered":"\n<figure class=\"wp-block-image story-cover\"><img decoding=\"async\" src=\"\/wp-content\/uploads\/vepu-import\/itrada-img3.png\" alt=\"ITRADA\"\/><\/figure>\n\n\n\n<p><strong>-Un Test-<\/strong><\/p>\n\n\n\n<p>Nel 2011 l\u2019umanit\u00e0 si trovava sull\u2019orlo di un precipizio. La data del 31 luglio incombeva come un presagio di distruzione, proprio come previsto decenni prima da Homar Seller attraverso l&#8217;Equazione dell&#8217;Anima. Con l\u2019avvicinarsi di quel momento cruciale, la Vepu Foundation, sotto la guida di Carl Vepu, intensi\ufb01cava le proprie attivit\u00e0, alla disperata ricerca di un modo per scongiurare l\u2019apocalisse.<\/p>\n\n\n\n<p><strong>-Il Progetto ITRADA-<\/strong><\/p>\n\n\n\n<p>Quell\u2019anno la Vepu, ormai divenuta uno dei conglomerati scienti\ufb01ci pi\u00f9 in\ufb02uenti al mondo, decise di riattivare e ampliare l\u2019ambizioso ITRADA Project, nato nel 1970. Si trattava di uno degli sforzi pi\u00f9 complessi e vasti della fondazione, ideato per indagare le dinamiche pi\u00f9 profonde del comportamento umano e trovare il modo di manipolare l\u2019Equazione dell\u2019Anima, cos\u00ec da rimandare la \ufb01ne del mondo.<\/p>\n\n\n\n<p><strong>-La Rivelazione di Carl Vepu-<\/strong><\/p>\n\n\n\n<p>Pochi conoscevano le reali ragioni dell\u2019ITRADA. In un \ufb01lmato riservato, Carl Vepu spiegava:<\/p>\n\n\n\n<p>&#8220;Salve, io sono Carl Vepu. Se state guardando questo \ufb01lmato, gi\u00e0 conoscete mio fratello Jack, Damon Roll e Brenda Smith, fondatori e menti dell\u2019ITRADA Initiatives. Sapete che ci sono diversi obiettivi di ricerca nella nostra impresa. Ci\u00f2 che non conoscete \u00e8 il motivo per cui l\u2019abbiamo creata. Perch\u00e9 abbiamo riunito le menti pi\u00f9 brillanti e fornito loro fondi illimitati. Come tutto ci\u00f2 che vi \u00e8 stato detto, siete vincolati dal vostro incarico e dal vostro onore a mantenere il segreto. Dopo il vostro addestramento psicologico e il corso di sopravvivenza, sarete trasferiti in un centro di ricerca di massima segretezza. L\u2019ubicazione \u00e8 nota solo a me, a Damon Roll e a pochi membri dell\u2019alto livello della fondazione. Perch\u00e9 tutta questa sicurezza? Perch\u00e9 tanto riserbo? La risposta \u00e8 semplice: la nostra ricerca mira a salvare il mondo per come lo conosciamo.&#8221;<\/p>\n\n\n\n<p><strong>-Origini dell\u2019ITRADA Project-<\/strong><\/p>\n\n\n\n<p>Carl ricordava le origini dell\u2019iniziativa, legandole a uno degli eventi pi\u00f9 traumatici della storia recente: l\u2019attacco alle Torri Gemelle dell\u201911 settembre 2001. Quel giorno aveva sconvolto l\u2019assetto globale, aprendo un decennio di guerre e tensioni. Fu in quel clima di incertezza che nacque l\u2019urgenza di una soluzione per garantire la sopravvivenza del genere umano.<\/p>\n\n\n\n<p>&#8220;L\u201911 settembre 2001 il mondo ha assistito a una tragedia senza precedenti, che ha cambiato per sempre la percezione della sicurezza. Da allora era chiaro che le minacce potevano provenire da qualsiasi parte, visibili e invisibili. Da quella crisi nacque l\u2019Equazione dell\u2019Anima, commissionata in segreto dal Consiglio di Sicurezza dell\u2019ONU. A elaborarla fu Homar Seller, matematico scozzese che, sfruttando la successione di Fibonacci, riusc\u00ec a predire il luogo e il tempo esatto dell\u2019estinzione dell\u2019umanit\u00e0. Che fosse per bomba nucleare, armi chimiche o biologiche, pandemia o sovrappopolazione, i risultati erano agghiaccianti. Fibonacci forn\u00ec i parametri, Seller li tradusse in fattori ambientali e umani. Solo intervenendo su questi elementi con soluzioni scienti\ufb01che sarebbe stato possibile modi\ufb01care il corso del destino e concedere all\u2019uomo un\u2019altra possibilit\u00e0. Sebbene l\u2019equazione sia stata nascosta da chi l\u2019aveva commissionata, ignorarne gli avvertimenti signi\ufb01cherebbe condannarci. \u00c8 da questa consapevolezza che nacque l\u2019ITRADA Initiatives.&#8221;<\/p>\n\n\n\n<p><strong>-Obiettivi e Struttura del Progetto-<\/strong><\/p>\n\n\n\n<p>Secondo Carl Vepu, l\u2019ITRADA Project \u2013 acronimo di Institute of Technological Research And Dynamic Applications \u2013 rappresentava &#8220;l\u2019unica vera strada&#8221; per assicurare il futuro dell\u2019umanit\u00e0. Le stazioni di ricerca sotterranee di Ceprano erano state progettate per garantire ai ricercatori pieno supporto: medicine, cibo e protezione totale dalle minacce esterne. <br>Le strutture comunicavano tra loro con un so\ufb01sticato sistema radio che trasmetteva soltanto i valori numerici dell\u2019equazione di Seller. Modi\ufb01cando anche uno solo di quei parametri attraverso la ricerca scienti\ufb01ca, i ricercatori avrebbero potuto alterare il destino del mondo.<\/p>\n\n\n\n<p>&#8220;Quando riuscirete a cambiare un valore dell\u2019equazione\u2026 quando la scienza avr\u00e0 creato la deviazione necessaria\u2026 allora sapremo di aver trovato la strada. Questo \u00e8 il compito che vi a\ufb03do: modi\ufb01care i parametri dell\u2019Equazione di Homar Seller e, cos\u00ec facendo, cambiare il futuro. Il destino dell\u2019umanit\u00e0 \u00e8 nelle vostre mani.&#8221;<\/p>\n\n\n\n<p><strong>-Le Vere Intenzioni di Carl Vepu-<\/strong><\/p>\n\n\n\n<p>Con queste parole Carl legava i ricercatori al suo stesso obiettivo: salvare l\u2019umanit\u00e0. Ma le sue motivazioni non erano solo \ufb01lantropiche. Dietro la facciata di salvatore si celava un desiderio di dominio. Il vero scopo di Carl non era semplicemente scongiurare la catastrofe, bens\u00ec dimostrare la validit\u00e0 dell\u2019Equazione e usarla per ottenere un potere assoluto. Se ci fosse riuscito, avrebbe avuto la possibilit\u00e0 di ricattare governi e leader mondiali, consolidando un\u2019autorit\u00e0 senza precedenti.<\/p>\n\n\n\n<p><strong>-Le Stazioni nel 2011-<\/strong><\/p>\n\n\n\n<p>Nel corso del 2011, le basi operative dell\u2019ITRADA divennero sempre pi\u00f9 attive, ciascuna specializzata in un ambito preciso:<\/p>\n\n\n\n<p>Stazione Pettirosso: ricerche mediche avanzate, compresa la lotta al virus (P), minaccia di pandemia globale.<\/p>\n\n\n\n<p>Stazione Nodo: esperimenti di chimica applicata, volti a modi\ufb01care l\u2019ambiente su scala molecolare.<\/p>\n\n\n\n<p>Stazione Disegno: studi sul comportamento umano ed esperimenti psichiatrici. Guidata dalla dottoressa Brenda Smith, che presto scopr\u00ec come Homar Seller che la Vepu non agisse per il bene comune. Nel 2011, durante un\u2019epidemia trasmessa da zanzare infette, Brenda si rese conto che tutto era gi\u00e0 stato previsto dall\u2019Equazione e sfruttato per arricchirsi. Oltre alle ricerche u\ufb03ciali, la stazione conduceva test segreti su una giovane donna: So\ufb01a Crono, dotata di capacit\u00e0 uniche legate a un misterioso elemento.<\/p>\n\n\n\n<p>Stazione Satellite: studi sulle comunicazioni ed interconnessioni tra le stazioni.<\/p>\n\n\n\n<p>Stazione Serra: ricerche biologiche e genetiche volte a manipolazioni del dna.<\/p>\n\n\n\n<p>Stazione Nautilus: indagini sull\u2019elettromagnetismo e i viaggi nel tempo.<\/p>\n\n\n\n<p>Stazione Porta: custode del portale spazio-temporale.<\/p>\n\n\n\n<p>A queste si aggiungevano strutture secondarie, utilizzate per progetti minori, come la Stazione Centrale, Ombra, Smaltimento e Metro, che completavano la rete della fondazione.<\/p>\n\n\n\n<p><strong>-I Viaggi nel Tempo e So\ufb01a Crono-<\/strong><\/p>\n\n\n\n<p>I viaggi temporali non erano pi\u00f9 fantascienza. Grazie a un elemento dalle propriet\u00e0 chimiche straordinarie, la Vepu riusc\u00ec a manipolare il tempo. Carl ignorava del tutto questa prospettiva, mentre Jack Vepu ne intu\u00ec subito la portata, comprendendo il legame con So\ufb01a Crono. La ragazza, inconsapevole del suo potere e del motivo per cui fosse ritenuta cos\u00ec preziosa, viveva in uno stato di alienazione, tra paura e isteria. Ripeteva ossessivamente due parole: \u201cAutunno\u201d e \u201cNave\u201d.<\/p>\n\n\n\n<p><strong>-L\u2019Azione di Jack Vepu-<\/strong><\/p>\n\n\n\n<p>Per contrastare la pandemia imminente del virus (P), Jack decise di intervenire viaggiando nel 1973. L\u00ec lasci\u00f2 a s\u00e9 stesso una lettera con quattro istruzioni fondamentali: <br>Bloccare i \ufb01nanziamenti alla seconda fase dell\u2019ITRADA. <br>Sintetizzare il vaccino contro il virus (P), nascosto in un cofanetto custodito nella L.U.N.A. Fermare la costruzione delle stazioni, soprattutto Porta, pericolosa per la realt\u00e0 stessa. <br>Rimuovere i varchi spazio-temporali, minaccia diretta alla stabilit\u00e0 dell\u2019universo.<\/p>\n\n\n\n<p><strong>-Il Ritorno e la Scoperta-<\/strong><\/p>\n\n\n\n<p>Tornato nel 2011, Jack scopr\u00ec che il vaccino era stato e\ufb00ettivamente sintetizzato e distribuito. La pandemia fu evitata e, per un attimo, credette di aver scon\ufb01tto Carl.<\/p>\n\n\n\n<p><strong>-La Realizzazione di Jack-<\/strong><\/p>\n\n\n\n<p>La vittoria per\u00f2 fu e\ufb03mera: Jack cap\u00ec presto che tutto era andato esattamente come previsto da suo fratello. L\u2019Equazione era stata confermata e Carl poteva ora brandirla<\/p>\n\n\n\n<p>come strumento di dominio.<\/p>\n\n\n\n<p><strong>-Il Con\ufb02itto-<\/strong><\/p>\n\n\n\n<p>Jack comprese di essere stato una pedina. La sua lotta non aveva fermato Carl, ma ra\ufb00orzato il suo piano. L\u2019umanit\u00e0 era salva solo in apparenza, mentre l\u2019ombra del controllo assoluto di Carl si stendeva sul mondo.<\/p>\n\n\n\n<p><strong>-L\u2019Interrogativo Finale-<\/strong><\/p>\n\n\n\n<p>Restava un mistero: come aveva fatto la Vepu ad aprire un varco temporale? La risposta emerse solo l\u2019anno dopo, quando un aereo nei cieli del triangolo delle Bermuda precipit\u00f2 a Ceprano, rivelando un legame nascosto con i viaggi nel tempo e con una misteriosa ragazza, \ufb01gura chiave tanto per la Vepu quanto per Jack.<\/p>\n\n\n\n<h2 class=\"wp-block-heading chapter-title\">Video<\/h2>\n\n\n\n<ul class=\"wp-block-list\">\n<li><a href=\"https:\/\/www.youtube.com\/watch?v=508tECIvW_8\" target=\"_blank\" rel=\"noopener\">https:\/\/www.youtube.com\/watch?v=508tECIvW_8<\/a><\/li>\n\n\n\n<li><a href=\"https:\/\/www.youtube.com\/watch?v=-iG0GQu6whY\" target=\"_blank\" rel=\"noopener\">https:\/\/www.youtube.com\/watch?v=-iG0GQu6whY<\/a><\/li>\n\n\n\n<li><a href=\"https:\/\/www.youtube.com\/watch?v=wcXo63BvNi4\" target=\"_blank\" rel=\"noopener\">https:\/\/www.youtube.com\/watch?v=wcXo63BvNi4<\/a><\/li>\n\n\n\n<li><a href=\"https:\/\/www.youtube.com\/watch?v=eOQFaE5At44\" target=\"_blank\" rel=\"noopener\">https:\/\/www.youtube.com\/watch?v=eOQFaE5At44<\/a><\/li>\n\n\n\n<li><a href=\"https:\/\/www.youtube.com\/watch?v=XIG31wWxbbwVIDEO\" target=\"_blank\" rel=\"noopener\">https:\/\/www.youtube.com\/watch?v=XIG31wWxbbwVIDEO<\/a><\/li>\n<\/ul>\n","protected":false},"excerpt":{"rendered":"<p>-Un Test- Nel 2011 l\u2019umanit\u00e0 si trovava sull\u2019orlo di un precipizio. La data del 31 luglio incombeva come un presagio di distruzione, proprio come previsto decenni prima da Homar Seller attraverso l&#8217;Equazione dell&#8217;Anima. Con l\u2019avvicinarsi di quel momento cruciale, la Vepu Foundation, sotto la guida di Carl Vepu, intensi\ufb01cava le proprie attivit\u00e0, alla disperata ricerca &hellip; <\/p>\n<p class=\"link-more\"><a href=\"https:\/\/www.vepufoundation.it\/?page_id=12006\" class=\"more-link\">Leggi tutto<span class=\"screen-reader-text\"> &#8220;ITRADA&#8221;<\/span><\/a><\/p>\n","protected":false},"author":1,"featured_media":0,"parent":12000,"menu_order":0,"comment_status":"closed","ping_status":"closed","template":"","meta":{"footnotes":""},"class_list":["post-12006","page","type-page","status-publish","hentry"],"_links":{"self":[{"href":"https:\/\/www.vepufoundation.it\/index.php?rest_route=\/wp\/v2\/pages\/12006","targetHints":{"allow":["GET"]}}],"collection":[{"href":"https:\/\/www.vepufoundation.it\/index.php?rest_route=\/wp\/v2\/pages"}],"about":[{"href":"https:\/\/www.vepufoundation.it\/index.php?rest_route=\/wp\/v2\/types\/page"}],"author":[{"embeddable":true,"href":"https:\/\/www.vepufoundation.it\/index.php?rest_route=\/wp\/v2\/users\/1"}],"replies":[{"embeddable":true,"href":"https:\/\/www.vepufoundation.it\/index.php?rest_route=%2Fwp%2Fv2%2Fcomments&post=12006"}],"version-history":[{"count":2,"href":"https:\/\/www.vepufoundation.it\/index.php?rest_route=\/wp\/v2\/pages\/12006\/revisions"}],"predecessor-version":[{"id":12058,"href":"https:\/\/www.vepufoundation.it\/index.php?rest_route=\/wp\/v2\/pages\/12006\/revisions\/12058"}],"up":[{"embeddable":true,"href":"https:\/\/www.vepufoundation.it\/index.php?rest_route=\/wp\/v2\/pages\/12000"}],"wp:attachment":[{"href":"https:\/\/www.vepufoundation.it\/index.php?rest_route=%2Fwp%2Fv2%2Fmedia&parent=12006"}],"curies":[{"name":"wp","href":"https:\/\/api.w.org\/{rel}","templated":true}]}}